{"id":222,"date":"2024-05-06T12:46:09","date_gmt":"2024-05-06T15:46:09","guid":{"rendered":"https:\/\/cpanel-rs-tqr-06.srx.net.br\/~ascbf\/asc\/?page_id=222"},"modified":"2024-05-06T12:50:07","modified_gmt":"2024-05-06T15:50:07","slug":"centro-de-atencao-psicossocial-infantil","status":"publish","type":"page","link":"https:\/\/ascbeneditafernandes.com.br\/asc\/servicos\/centro-de-atencao-psicossocial-infantil\/","title":{"rendered":"CAPSi &#8211; Centro de Aten\u00e7\u00e3o Psicossocial Infantil"},"content":{"rendered":"\t\t<div data-elementor-type=\"wp-page\" data-elementor-id=\"222\" class=\"elementor elementor-222\" data-elementor-post-type=\"page\">\n\t\t\t\t<div data-particle_enable=\"false\" data-particle-mobile-disabled=\"false\" class=\"elementor-element elementor-element-de342dc e-grid e-con-boxed e-con e-parent\" data-id=\"de342dc\" data-element_type=\"container\" data-e-type=\"container\">\n\t\t\t\t\t<div class=\"e-con-inner\">\n\t\t\t\t<div class=\"elementor-element elementor-element-4f25a59 elementor-widget elementor-widget-spacer\" data-id=\"4f25a59\" data-element_type=\"widget\" data-e-type=\"widget\" data-widget_type=\"spacer.default\">\n\t\t\t\t<div class=\"elementor-widget-container\">\n\t\t\t\t\t\t\t<div class=\"elementor-spacer\">\n\t\t\t<div class=\"elementor-spacer-inner\"><\/div>\n\t\t<\/div>\n\t\t\t\t\t\t<\/div>\n\t\t\t\t<\/div>\n\t\t\t\t\t<\/div>\n\t\t\t\t<\/div>\n\t\t<div data-particle_enable=\"false\" data-particle-mobile-disabled=\"false\" class=\"elementor-element elementor-element-bd2ae4b e-flex e-con-boxed e-con e-parent\" data-id=\"bd2ae4b\" data-element_type=\"container\" data-e-type=\"container\">\n\t\t\t\t\t<div class=\"e-con-inner\">\n\t\t\t\t<div class=\"elementor-element elementor-element-c080126 elementor-align-left elementor-widget elementor-widget-breadcrumbs\" data-id=\"c080126\" data-element_type=\"widget\" data-e-type=\"widget\" data-widget_type=\"breadcrumbs.default\">\n\t\t\t\t<div class=\"elementor-widget-container\">\n\t\t\t\t\t<p id=\"breadcrumbs\"><span><span><a href=\"https:\/\/ascbeneditafernandes.com.br\/asc\/\">In\u00edcio<\/a><\/span><\/span><\/p>\t\t\t\t<\/div>\n\t\t\t\t<\/div>\n\t\t\t\t<div class=\"elementor-element elementor-element-e358dae elementor-widget-divider--view-line elementor-widget elementor-widget-divider\" data-id=\"e358dae\" data-element_type=\"widget\" data-e-type=\"widget\" data-widget_type=\"divider.default\">\n\t\t\t\t<div class=\"elementor-widget-container\">\n\t\t\t\t\t\t\t<div class=\"elementor-divider\">\n\t\t\t<span class=\"elementor-divider-separator\">\n\t\t\t\t\t\t<\/span>\n\t\t<\/div>\n\t\t\t\t\t\t<\/div>\n\t\t\t\t<\/div>\n\t\t\t\t<div class=\"elementor-element elementor-element-0e4bd4a elementor-widget elementor-widget-heading\" data-id=\"0e4bd4a\" data-element_type=\"widget\" data-e-type=\"widget\" data-widget_type=\"heading.default\">\n\t\t\t\t<div class=\"elementor-widget-container\">\n\t\t\t\t\t<h2 class=\"elementor-heading-title elementor-size-default\">Centro de Aten\u00e7\u00e3o Psicossocial Infantil<\/h2>\t\t\t\t<\/div>\n\t\t\t\t<\/div>\n\t\t\t\t<div class=\"elementor-element elementor-element-96a1206 elementor-widget elementor-widget-text-editor\" data-id=\"96a1206\" data-element_type=\"widget\" data-e-type=\"widget\" data-widget_type=\"text-editor.default\">\n\t\t\t\t<div class=\"elementor-widget-container\">\n\t\t\t\t\t\t\t\t\t<p><img fetchpriority=\"high\" decoding=\"async\" class=\"wp-image-223 size-full aligncenter\" src=\"https:\/\/cpanel-rs-tqr-06.srx.net.br\/~ascbf\/asc\/wp-content\/uploads\/2024\/05\/capsi.jpg\" alt=\"\" width=\"800\" height=\"533\" srcset=\"https:\/\/ascbeneditafernandes.com.br\/asc\/wp-content\/uploads\/2024\/05\/capsi.jpg 800w, https:\/\/ascbeneditafernandes.com.br\/asc\/wp-content\/uploads\/2024\/05\/capsi-300x200.jpg 300w, https:\/\/ascbeneditafernandes.com.br\/asc\/wp-content\/uploads\/2024\/05\/capsi-768x512.jpg 768w\" sizes=\"(max-width: 800px) 100vw, 800px\" \/><\/p><div class=\"conteudo_servico_pagina\"><div class=\"sw_txteditor\"><div>\u00a0<\/div><div class=\"conteudo_servico_pagina\"><div class=\"sw_txteditor\"><p style=\"text-align: justify;\">O CAPS i &#8211; Centro de Aten\u00e7\u00e3o Psicossocial Infantil, gerenciado sob o Contrato de Gest\u00e3o SMSA n\u00ba 047\/2016, pela Associa\u00e7\u00e3o das Senhoras Crist\u00e3s Benedita Fernandes, pelo prazo de 60 (sessenta) meses a partir de assinatura do Contrato na data de 05 de Outubro de 2.016, \u00e9 um servi\u00e7o que comp\u00f5e a RAPS &#8211; Rede de Assist\u00eancia Psicossocial do Munic\u00edpio de Ara\u00e7atuba-SP.<\/p><p style=\"text-align: justify;\">Iniciou suas atividade na data de 05 de Janeiro de 2.017, em pr\u00e9dio pr\u00f3prio \u00e0 Rua S\u00edlvio Russo, 263, Bairro \u00c1gua Branca.<\/p><p style=\"text-align: justify;\"><strong>SERVI\u00c7OS A SEREM OFERECIDOS<\/strong><\/p><p style=\"margin-left: 40px; text-align: justify;\">Os servi\u00e7os a serem oferecidos aos usu\u00e1rios do SUS, de segunda a sexta-feira das 06:30 horas at\u00e9 as 18:30 horas, ser\u00e3o voltados as crian\u00e7as e adolescentes at\u00e9 dezessete anos, onze meses e vinte e nove dias que sofram de transtornos mentais, inclusive os transtornos relacionados as subst\u00e2ncias psicoativas (\u00e1lcool e outras drogas), psicoses, neuroses graves e demais quadros cuja a severidade ou persist\u00eancia justifiquem a perman\u00eancia e dispositivos de tratamento, sendo que os pacientes ser\u00e3o encaminhados pelos servi\u00e7os da Rede de Sa\u00fade Municipal, Conselhos Tutelares, Hospitais Psiqui\u00e1tricos, Outras Entidades de Assist\u00eancia Social, Poder P\u00fablico e Poder Judici\u00e1rio, ou mesmo demanda espont\u00e2nea.<\/p><p style=\"text-align: justify;\"><strong>OBJETIVO GERAL<\/strong><\/p><p style=\"margin-left: 40px; text-align: justify;\">Assegurar o atendimento, com garantia de qualidade visando \u00e0 satisfa\u00e7\u00e3o dos usu\u00e1rios e familiares.<\/p><p style=\"margin-left: 40px; text-align: justify;\">As equipes de trabalho dever\u00e3o estar aptas para atender os casos de emerg\u00eancias em geral e encaminhar aos servi\u00e7os de Pronto Atendimento, Pronto Socorro e acionar o SAMU &#8211; Servi\u00e7o de Atendimento M\u00f3vel de Urg\u00eancia, principalmente os casos que ofere\u00e7am risco de \u00f3bito aos pacientes. Os pacientes dever\u00e3o ser acolhidos no momento da sua entrada no servi\u00e7o e posteriormente dever\u00e1 ser realizado seu acolhimento, e o tratamento ser\u00e1 definido durante a elabora\u00e7\u00e3o do Projeto Terap\u00eautico Singular.<\/p><p style=\"margin-left: 40px; text-align: justify;\">Para os pacientes ser\u00e3o oferecidas duas refei\u00e7\u00f5es ou lanche diariamente e ofertado 02 (Dois) leitos de desintoxica\u00e7\u00e3o e repouso, tamb\u00e9m chamados de leitos de hospitalidade, para serem utilizados na aplicabilidade dos servi\u00e7os oferecidos, que ser\u00e3o mantidos e cuidados pela Equipe pr\u00f3pria da Unidade.<\/p><p style=\"margin-left: 40px; text-align: justify;\">O acolhimento terap\u00eautico a ser realizado consistir\u00e1 na avalia\u00e7\u00e3o inicial, que dever\u00e1 ser feita por 02 (Dois) profissionais de n\u00edvel t\u00e9cnico com a retaguarda do m\u00e9dico psiquiatra.<\/p><p style=\"margin-left: 40px; text-align: justify;\">Haver\u00e1, aos usu\u00e1rios, programa de atendimento individual e em grupo, e programa de atendimento \u00e0s fam\u00edlias dos mesmos com o devido registro das atividades desenvolvidas.<\/p><p style=\"margin-left: -18pt; text-align: justify;\"><strong>\u00a0 \u00a0 \u00a0 \u00a0 \u00a0 \u00a0 \u00a0 \u00a0 \u00a0 \u00a0 \u00a0CAPACIDADE OPERACIONAL<\/strong><\/p><p style=\"margin-left: -18.0pt;\" align=\"center\"><strong>Equipe pr\u00f3pria sendo:<\/strong><\/p><p style=\"margin-left: 36.0pt;\">a)\u00a0\u00a0 01 (Um) M\u00e9dico Psiquiatra com jornada de trabalho de 20 horas semanais.<\/p><p style=\"margin-left: 36.0pt;\">b)\u00a0\u00a0 02 (Dois) Psic\u00f3logos com jornada de trabalho de 30 horas.<\/p><p style=\"margin-left: 36.0pt;\">c)\u00a0\u00a0 02 (Dois) Terapeuta Ocupacional com jornada de trabalho de 20 horas semanais.<\/p><p style=\"margin-left: 36.0pt;\">d)\u00a0\u00a0 02 (Dois) Assistente Social com jornada de trabalho de 30 horas semanais.<\/p><p style=\"margin-left: 36.0pt;\">e)\u00a0\u00a0 02 (Dois) Enfermeiros com jornada de trabalho de 36 horas semanais cada.<\/p><p style=\"margin-left: 36.0pt;\">f)\u00a0\u00a0\u00a0 03 (Tr\u00eas) T\u00e9cnicos de Enfermagem com jornada de trabalho de 36 horas semanais cada.<\/p><p style=\"margin-left: 36.0pt;\">g)\u00a0\u00a0 01 (Um) Auxiliar Administrativo com jornada de trabalho de 40 horas semanais.<\/p><p style=\"margin-left: 36.0pt;\">h)\u00a0\u00a0 01 (Um) Atendente com jornada de 44 horas semanais.<\/p><p style=\"margin-left: 40px; text-align: justify;\"><strong>PROPOSTA TERAP\u00caUTICA<\/strong><\/p><p style=\"margin-left: 40px; text-align: justify;\">As atividades propostas ser\u00e3o organizadas visando \u00e0 promo\u00e7\u00e3o de autonomia e de vida comunit\u00e1ria,tornando-se um lugar de refer\u00eancia, de cuidado e promotor de vida com a miss\u00e3o de garantir o exerc\u00edcio da cidadania e a inclus\u00e3o social do usu\u00e1rio e seus familiares.<\/p><p style=\"margin-left: 40px; text-align: justify;\">Por se caracterizar como ponto estrat\u00e9gico na articula\u00e7\u00e3o darede de aten\u00e7\u00e3o psicossocial (RAPS) faz-se necess\u00e1rio trabalhar em conjunto com equipesde sa\u00fade da fam\u00edlia, agente comunit\u00e1rio, hospital psiqui\u00e1trico, centro de refer\u00eanciade servi\u00e7o social (CRASS), secretaria de cultura, secretaria da educa\u00e7\u00e3o, mobilizando todos os recursos do munic\u00edpio para melhor atender ao Projeto Terap\u00eautico Singular de cadausu\u00e1rio.<\/p><p style=\"margin-left: -18.0pt;\"><strong>\u00a0 \u00a0 \u00a0 \u00a0 \u00a0 \u00a0 \u00a0 \u00a0 \u00a0 \u00a0 \u00a0FERRAMENTAS TERAP\u00caUTICAS<\/strong><\/p><p style=\"margin-left: 40px; text-align: justify;\">Utiliza\u00e7\u00e3o de diversas oficinas com atividades l\u00fadicas: musicoterapia, atividades f\u00edsicas e dan\u00e7as, culin\u00e1ria, artesanatos, artes, hortoterapia, etc. A aplica\u00e7\u00e3o deste recurso terap\u00eautico ser\u00e1 atrav\u00e9s de Equipe pr\u00f3pria, como tamb\u00e9m de prestadores de servi\u00e7os especializados em cada \u00e1rea, a serem contratados para tanto. Recrea\u00e7\u00e3o e integra\u00e7\u00e3o com visitas \u00e0: cinemas, parques ambientais, quadras\/campos esportivos, etc. Os custos com a contrata\u00e7\u00e3o de prestados de servi\u00e7os, bem como os gastos com as visitas: transporte, ingressos (quando for o caso), alimenta\u00e7\u00e3o, ser\u00e3o cobertos com rubrica espec\u00edfica constante no Plano Or\u00e7ament\u00e1rio de Custeio.<\/p><\/div><\/div><\/div><\/div>\t\t\t\t\t\t\t\t<\/div>\n\t\t\t\t<\/div>\n\t\t\t\t\t<\/div>\n\t\t\t\t<\/div>\n\t\t\t\t<\/div>\n\t\t","protected":false},"excerpt":{"rendered":"<p>Centro de Aten\u00e7\u00e3o Psicossocial Infantil \u00a0 O CAPS i &#8211; Centro de Aten\u00e7\u00e3o Psicossocial Infantil, gerenciado sob o Contrato de Gest\u00e3o SMSA n\u00ba 047\/2016, pela Associa\u00e7\u00e3o das Senhoras Crist\u00e3s Benedita Fernandes, pelo prazo de 60 (sessenta) meses a partir de assinatura do Contrato na data de 05 de Outubro de 2.016, \u00e9 um servi\u00e7o que [&hellip;]<\/p>\n","protected":false},"author":2,"featured_media":0,"parent":202,"menu_order":0,"comment_status":"closed","ping_status":"closed","template":"","meta":{"footnotes":""},"class_list":["post-222","page","type-page","status-publish","hentry"],"yoast_head":"<!-- This site is optimized with the Yoast SEO Premium plugin v27.2 (Yoast SEO v27.2) - https:\/\/yoast.com\/product\/yoast-seo-premium-wordpress\/ -->\n<title>CAPSi - Centro de Aten\u00e7\u00e3o Psicossocial Infantil - Associa\u00e7\u00e3o das Senhoras Crist\u00e3s Benedita Fernandes<\/title>\n<meta name=\"robots\" content=\"index, follow, max-snippet:-1, max-image-preview:large, max-video-preview:-1\" \/>\n<link rel=\"canonical\" href=\"https:\/\/ascbeneditafernandes.com.br\/asc\/servicos\/centro-de-atencao-psicossocial-infantil\/\" \/>\n<meta property=\"og:locale\" content=\"pt_BR\" \/>\n<meta property=\"og:type\" content=\"article\" \/>\n<meta property=\"og:title\" content=\"CAPSi - Centro de Aten\u00e7\u00e3o Psicossocial Infantil\" \/>\n<meta property=\"og:description\" content=\"Centro de Aten\u00e7\u00e3o Psicossocial Infantil \u00a0 O CAPS i &#8211; Centro de Aten\u00e7\u00e3o Psicossocial Infantil, gerenciado sob o Contrato de Gest\u00e3o SMSA n\u00ba 047\/2016, pela Associa\u00e7\u00e3o das Senhoras Crist\u00e3s Benedita Fernandes, pelo prazo de 60 (sessenta) meses a partir de assinatura do Contrato na data de 05 de Outubro de 2.016, \u00e9 um servi\u00e7o que [&hellip;]\" \/>\n<meta property=\"og:url\" content=\"https:\/\/ascbeneditafernandes.com.br\/asc\/servicos\/centro-de-atencao-psicossocial-infantil\/\" \/>\n<meta property=\"og:site_name\" content=\"Associa\u00e7\u00e3o das Senhoras Crist\u00e3s Benedita Fernandes\" \/>\n<meta property=\"article:modified_time\" content=\"2024-05-06T15:50:07+00:00\" \/>\n<meta property=\"og:image\" content=\"https:\/\/cpanel-rs-tqr-06.srx.net.br\/~ascbf\/asc\/wp-content\/uploads\/2024\/05\/capsi.jpg\" \/>\n<meta name=\"twitter:card\" content=\"summary_large_image\" \/>\n<meta name=\"twitter:label1\" content=\"Est. tempo de leitura\" \/>\n\t<meta name=\"twitter:data1\" content=\"4 minutos\" \/>\n<script type=\"application\/ld+json\" class=\"yoast-schema-graph\">{\"@context\":\"https:\/\/schema.org\",\"@graph\":[{\"@type\":\"WebPage\",\"@id\":\"https:\/\/ascbeneditafernandes.com.br\/asc\/servicos\/centro-de-atencao-psicossocial-infantil\/\",\"url\":\"https:\/\/ascbeneditafernandes.com.br\/asc\/servicos\/centro-de-atencao-psicossocial-infantil\/\",\"name\":\"CAPSi - Centro de Aten\u00e7\u00e3o Psicossocial Infantil - Associa\u00e7\u00e3o das Senhoras Crist\u00e3s Benedita Fernandes\",\"isPartOf\":{\"@id\":\"https:\/\/ascbeneditafernandes.com.br\/asc\/#website\"},\"primaryImageOfPage\":{\"@id\":\"https:\/\/ascbeneditafernandes.com.br\/asc\/servicos\/centro-de-atencao-psicossocial-infantil\/#primaryimage\"},\"image\":{\"@id\":\"https:\/\/ascbeneditafernandes.com.br\/asc\/servicos\/centro-de-atencao-psicossocial-infantil\/#primaryimage\"},\"thumbnailUrl\":\"https:\/\/cpanel-rs-tqr-06.srx.net.br\/~ascbf\/asc\/wp-content\/uploads\/2024\/05\/capsi.jpg\",\"datePublished\":\"2024-05-06T15:46:09+00:00\",\"dateModified\":\"2024-05-06T15:50:07+00:00\",\"breadcrumb\":{\"@id\":\"https:\/\/ascbeneditafernandes.com.br\/asc\/servicos\/centro-de-atencao-psicossocial-infantil\/#breadcrumb\"},\"inLanguage\":\"pt-BR\",\"potentialAction\":[{\"@type\":\"ReadAction\",\"target\":[\"https:\/\/ascbeneditafernandes.com.br\/asc\/servicos\/centro-de-atencao-psicossocial-infantil\/\"]}]},{\"@type\":\"ImageObject\",\"inLanguage\":\"pt-BR\",\"@id\":\"https:\/\/ascbeneditafernandes.com.br\/asc\/servicos\/centro-de-atencao-psicossocial-infantil\/#primaryimage\",\"url\":\"https:\/\/cpanel-rs-tqr-06.srx.net.br\/~ascbf\/asc\/wp-content\/uploads\/2024\/05\/capsi.jpg\",\"contentUrl\":\"https:\/\/cpanel-rs-tqr-06.srx.net.br\/~ascbf\/asc\/wp-content\/uploads\/2024\/05\/capsi.jpg\"},{\"@type\":\"BreadcrumbList\",\"@id\":\"https:\/\/ascbeneditafernandes.com.br\/asc\/servicos\/centro-de-atencao-psicossocial-infantil\/#breadcrumb\",\"itemListElement\":[{\"@type\":\"ListItem\",\"position\":1,\"name\":\"In\u00edcio\",\"item\":\"https:\/\/ascbeneditafernandes.com.br\/asc\/\"},{\"@type\":\"ListItem\",\"position\":2,\"name\":\"Servi\u00e7os\",\"item\":\"https:\/\/ascbeneditafernandes.com.br\/asc\/servicos\/\"},{\"@type\":\"ListItem\",\"position\":3,\"name\":\"CAPSi &#8211; Centro de Aten\u00e7\u00e3o Psicossocial Infantil\"}]},{\"@type\":\"WebSite\",\"@id\":\"https:\/\/ascbeneditafernandes.com.br\/asc\/#website\",\"url\":\"https:\/\/ascbeneditafernandes.com.br\/asc\/\",\"name\":\"Associa\u00e7\u00e3o das Senhoras Crist\u00e3s Benedita Fernandes\",\"description\":\"ASCBF\",\"publisher\":{\"@id\":\"https:\/\/ascbeneditafernandes.com.br\/asc\/#organization\"},\"potentialAction\":[{\"@type\":\"SearchAction\",\"target\":{\"@type\":\"EntryPoint\",\"urlTemplate\":\"https:\/\/ascbeneditafernandes.com.br\/asc\/?s={search_term_string}\"},\"query-input\":{\"@type\":\"PropertyValueSpecification\",\"valueRequired\":true,\"valueName\":\"search_term_string\"}}],\"inLanguage\":\"pt-BR\"},{\"@type\":\"Organization\",\"@id\":\"https:\/\/ascbeneditafernandes.com.br\/asc\/#organization\",\"name\":\"Associa\u00e7\u00e3o das Senhoras Crist\u00e3s Benedita Fernandes\",\"url\":\"https:\/\/ascbeneditafernandes.com.br\/asc\/\",\"logo\":{\"@type\":\"ImageObject\",\"inLanguage\":\"pt-BR\",\"@id\":\"https:\/\/ascbeneditafernandes.com.br\/asc\/#\/schema\/logo\/image\/\",\"url\":\"https:\/\/ascbeneditafernandes.com.br\/asc\/wp-content\/uploads\/2024\/04\/logo-ascbf.png\",\"contentUrl\":\"https:\/\/ascbeneditafernandes.com.br\/asc\/wp-content\/uploads\/2024\/04\/logo-ascbf.png\",\"width\":804,\"height\":110,\"caption\":\"Associa\u00e7\u00e3o das Senhoras Crist\u00e3s Benedita Fernandes\"},\"image\":{\"@id\":\"https:\/\/ascbeneditafernandes.com.br\/asc\/#\/schema\/logo\/image\/\"}}]}<\/script>\n<!-- \/ Yoast SEO Premium plugin. -->","yoast_head_json":{"title":"CAPSi - Centro de Aten\u00e7\u00e3o Psicossocial Infantil - Associa\u00e7\u00e3o das Senhoras Crist\u00e3s Benedita Fernandes","robots":{"index":"index","follow":"follow","max-snippet":"max-snippet:-1","max-image-preview":"max-image-preview:large","max-video-preview":"max-video-preview:-1"},"canonical":"https:\/\/ascbeneditafernandes.com.br\/asc\/servicos\/centro-de-atencao-psicossocial-infantil\/","og_locale":"pt_BR","og_type":"article","og_title":"CAPSi - Centro de Aten\u00e7\u00e3o Psicossocial Infantil","og_description":"Centro de Aten\u00e7\u00e3o Psicossocial Infantil \u00a0 O CAPS i &#8211; Centro de Aten\u00e7\u00e3o Psicossocial Infantil, gerenciado sob o Contrato de Gest\u00e3o SMSA n\u00ba 047\/2016, pela Associa\u00e7\u00e3o das Senhoras Crist\u00e3s Benedita Fernandes, pelo prazo de 60 (sessenta) meses a partir de assinatura do Contrato na data de 05 de Outubro de 2.016, \u00e9 um servi\u00e7o que [&hellip;]","og_url":"https:\/\/ascbeneditafernandes.com.br\/asc\/servicos\/centro-de-atencao-psicossocial-infantil\/","og_site_name":"Associa\u00e7\u00e3o das Senhoras Crist\u00e3s Benedita Fernandes","article_modified_time":"2024-05-06T15:50:07+00:00","og_image":[{"url":"https:\/\/cpanel-rs-tqr-06.srx.net.br\/~ascbf\/asc\/wp-content\/uploads\/2024\/05\/capsi.jpg","type":"","width":"","height":""}],"twitter_card":"summary_large_image","twitter_misc":{"Est. tempo de leitura":"4 minutos"},"schema":{"@context":"https:\/\/schema.org","@graph":[{"@type":"WebPage","@id":"https:\/\/ascbeneditafernandes.com.br\/asc\/servicos\/centro-de-atencao-psicossocial-infantil\/","url":"https:\/\/ascbeneditafernandes.com.br\/asc\/servicos\/centro-de-atencao-psicossocial-infantil\/","name":"CAPSi - Centro de Aten\u00e7\u00e3o Psicossocial Infantil - Associa\u00e7\u00e3o das Senhoras Crist\u00e3s Benedita Fernandes","isPartOf":{"@id":"https:\/\/ascbeneditafernandes.com.br\/asc\/#website"},"primaryImageOfPage":{"@id":"https:\/\/ascbeneditafernandes.com.br\/asc\/servicos\/centro-de-atencao-psicossocial-infantil\/#primaryimage"},"image":{"@id":"https:\/\/ascbeneditafernandes.com.br\/asc\/servicos\/centro-de-atencao-psicossocial-infantil\/#primaryimage"},"thumbnailUrl":"https:\/\/cpanel-rs-tqr-06.srx.net.br\/~ascbf\/asc\/wp-content\/uploads\/2024\/05\/capsi.jpg","datePublished":"2024-05-06T15:46:09+00:00","dateModified":"2024-05-06T15:50:07+00:00","breadcrumb":{"@id":"https:\/\/ascbeneditafernandes.com.br\/asc\/servicos\/centro-de-atencao-psicossocial-infantil\/#breadcrumb"},"inLanguage":"pt-BR","potentialAction":[{"@type":"ReadAction","target":["https:\/\/ascbeneditafernandes.com.br\/asc\/servicos\/centro-de-atencao-psicossocial-infantil\/"]}]},{"@type":"ImageObject","inLanguage":"pt-BR","@id":"https:\/\/ascbeneditafernandes.com.br\/asc\/servicos\/centro-de-atencao-psicossocial-infantil\/#primaryimage","url":"https:\/\/cpanel-rs-tqr-06.srx.net.br\/~ascbf\/asc\/wp-content\/uploads\/2024\/05\/capsi.jpg","contentUrl":"https:\/\/cpanel-rs-tqr-06.srx.net.br\/~ascbf\/asc\/wp-content\/uploads\/2024\/05\/capsi.jpg"},{"@type":"BreadcrumbList","@id":"https:\/\/ascbeneditafernandes.com.br\/asc\/servicos\/centro-de-atencao-psicossocial-infantil\/#breadcrumb","itemListElement":[{"@type":"ListItem","position":1,"name":"In\u00edcio","item":"https:\/\/ascbeneditafernandes.com.br\/asc\/"},{"@type":"ListItem","position":2,"name":"Servi\u00e7os","item":"https:\/\/ascbeneditafernandes.com.br\/asc\/servicos\/"},{"@type":"ListItem","position":3,"name":"CAPSi &#8211; Centro de Aten\u00e7\u00e3o Psicossocial Infantil"}]},{"@type":"WebSite","@id":"https:\/\/ascbeneditafernandes.com.br\/asc\/#website","url":"https:\/\/ascbeneditafernandes.com.br\/asc\/","name":"Associa\u00e7\u00e3o das Senhoras Crist\u00e3s Benedita Fernandes","description":"ASCBF","publisher":{"@id":"https:\/\/ascbeneditafernandes.com.br\/asc\/#organization"},"potentialAction":[{"@type":"SearchAction","target":{"@type":"EntryPoint","urlTemplate":"https:\/\/ascbeneditafernandes.com.br\/asc\/?s={search_term_string}"},"query-input":{"@type":"PropertyValueSpecification","valueRequired":true,"valueName":"search_term_string"}}],"inLanguage":"pt-BR"},{"@type":"Organization","@id":"https:\/\/ascbeneditafernandes.com.br\/asc\/#organization","name":"Associa\u00e7\u00e3o das Senhoras Crist\u00e3s Benedita Fernandes","url":"https:\/\/ascbeneditafernandes.com.br\/asc\/","logo":{"@type":"ImageObject","inLanguage":"pt-BR","@id":"https:\/\/ascbeneditafernandes.com.br\/asc\/#\/schema\/logo\/image\/","url":"https:\/\/ascbeneditafernandes.com.br\/asc\/wp-content\/uploads\/2024\/04\/logo-ascbf.png","contentUrl":"https:\/\/ascbeneditafernandes.com.br\/asc\/wp-content\/uploads\/2024\/04\/logo-ascbf.png","width":804,"height":110,"caption":"Associa\u00e7\u00e3o das Senhoras Crist\u00e3s Benedita Fernandes"},"image":{"@id":"https:\/\/ascbeneditafernandes.com.br\/asc\/#\/schema\/logo\/image\/"}}]}},"_links":{"self":[{"href":"https:\/\/ascbeneditafernandes.com.br\/asc\/wp-json\/wp\/v2\/pages\/222","targetHints":{"allow":["GET"]}}],"collection":[{"href":"https:\/\/ascbeneditafernandes.com.br\/asc\/wp-json\/wp\/v2\/pages"}],"about":[{"href":"https:\/\/ascbeneditafernandes.com.br\/asc\/wp-json\/wp\/v2\/types\/page"}],"author":[{"embeddable":true,"href":"https:\/\/ascbeneditafernandes.com.br\/asc\/wp-json\/wp\/v2\/users\/2"}],"replies":[{"embeddable":true,"href":"https:\/\/ascbeneditafernandes.com.br\/asc\/wp-json\/wp\/v2\/comments?post=222"}],"version-history":[{"count":4,"href":"https:\/\/ascbeneditafernandes.com.br\/asc\/wp-json\/wp\/v2\/pages\/222\/revisions"}],"predecessor-version":[{"id":228,"href":"https:\/\/ascbeneditafernandes.com.br\/asc\/wp-json\/wp\/v2\/pages\/222\/revisions\/228"}],"up":[{"embeddable":true,"href":"https:\/\/ascbeneditafernandes.com.br\/asc\/wp-json\/wp\/v2\/pages\/202"}],"wp:attachment":[{"href":"https:\/\/ascbeneditafernandes.com.br\/asc\/wp-json\/wp\/v2\/media?parent=222"}],"curies":[{"name":"wp","href":"https:\/\/api.w.org\/{rel}","templated":true}]}}