{"id":202,"date":"2024-05-06T12:33:05","date_gmt":"2024-05-06T15:33:05","guid":{"rendered":"https:\/\/cpanel-rs-tqr-06.srx.net.br\/~ascbf\/asc\/?page_id=202"},"modified":"2024-05-06T12:35:39","modified_gmt":"2024-05-06T15:35:39","slug":"servicos","status":"publish","type":"page","link":"https:\/\/ascbeneditafernandes.com.br\/asc\/servicos\/","title":{"rendered":"Servi\u00e7os"},"content":{"rendered":"\t\t<div data-elementor-type=\"wp-page\" data-elementor-id=\"202\" class=\"elementor elementor-202\" data-elementor-post-type=\"page\">\n\t\t\t\t<div data-particle_enable=\"false\" data-particle-mobile-disabled=\"false\" class=\"elementor-element elementor-element-de342dc e-grid e-con-boxed e-con e-parent\" data-id=\"de342dc\" data-element_type=\"container\" data-e-type=\"container\">\n\t\t\t\t\t<div class=\"e-con-inner\">\n\t\t\t\t<div class=\"elementor-element elementor-element-4f25a59 elementor-widget elementor-widget-spacer\" data-id=\"4f25a59\" data-element_type=\"widget\" data-e-type=\"widget\" data-widget_type=\"spacer.default\">\n\t\t\t\t<div class=\"elementor-widget-container\">\n\t\t\t\t\t\t\t<div class=\"elementor-spacer\">\n\t\t\t<div class=\"elementor-spacer-inner\"><\/div>\n\t\t<\/div>\n\t\t\t\t\t\t<\/div>\n\t\t\t\t<\/div>\n\t\t\t\t\t<\/div>\n\t\t\t\t<\/div>\n\t\t<div data-particle_enable=\"false\" data-particle-mobile-disabled=\"false\" class=\"elementor-element elementor-element-bd2ae4b e-flex e-con-boxed e-con e-parent\" data-id=\"bd2ae4b\" data-element_type=\"container\" data-e-type=\"container\">\n\t\t\t\t\t<div class=\"e-con-inner\">\n\t\t\t\t<div class=\"elementor-element elementor-element-c080126 elementor-align-left elementor-widget elementor-widget-breadcrumbs\" data-id=\"c080126\" data-element_type=\"widget\" data-e-type=\"widget\" data-widget_type=\"breadcrumbs.default\">\n\t\t\t\t<div class=\"elementor-widget-container\">\n\t\t\t\t\t<p id=\"breadcrumbs\"><span><span><a href=\"https:\/\/ascbeneditafernandes.com.br\/asc\/\">In\u00edcio<\/a><\/span><\/span><\/p>\t\t\t\t<\/div>\n\t\t\t\t<\/div>\n\t\t\t\t<div class=\"elementor-element elementor-element-e358dae elementor-widget-divider--view-line elementor-widget elementor-widget-divider\" data-id=\"e358dae\" data-element_type=\"widget\" data-e-type=\"widget\" data-widget_type=\"divider.default\">\n\t\t\t\t<div class=\"elementor-widget-container\">\n\t\t\t\t\t\t\t<div class=\"elementor-divider\">\n\t\t\t<span class=\"elementor-divider-separator\">\n\t\t\t\t\t\t<\/span>\n\t\t<\/div>\n\t\t\t\t\t\t<\/div>\n\t\t\t\t<\/div>\n\t\t\t\t<div class=\"elementor-element elementor-element-0e4bd4a elementor-widget elementor-widget-heading\" data-id=\"0e4bd4a\" data-element_type=\"widget\" data-e-type=\"widget\" data-widget_type=\"heading.default\">\n\t\t\t\t<div class=\"elementor-widget-container\">\n\t\t\t\t\t<h2 class=\"elementor-heading-title elementor-size-default\">Servi\u00e7os<\/h2>\t\t\t\t<\/div>\n\t\t\t\t<\/div>\n\t\t\t\t<div class=\"elementor-element elementor-element-96a1206 elementor-widget elementor-widget-text-editor\" data-id=\"96a1206\" data-element_type=\"widget\" data-e-type=\"widget\" data-widget_type=\"text-editor.default\">\n\t\t\t\t<div class=\"elementor-widget-container\">\n\t\t\t\t\t\t\t\t\t<p><img fetchpriority=\"high\" decoding=\"async\" class=\"wp-image-203 size-full aligncenter\" src=\"https:\/\/cpanel-rs-tqr-06.srx.net.br\/~ascbf\/asc\/wp-content\/uploads\/2024\/05\/saude-mental.jpg\" alt=\"\" width=\"500\" height=\"415\" srcset=\"https:\/\/ascbeneditafernandes.com.br\/asc\/wp-content\/uploads\/2024\/05\/saude-mental.jpg 500w, https:\/\/ascbeneditafernandes.com.br\/asc\/wp-content\/uploads\/2024\/05\/saude-mental-300x249.jpg 300w\" sizes=\"(max-width: 500px) 100vw, 500px\" \/><\/p><div class=\"conteudo_servico_pagina\"><div class=\"sw_txteditor\"><div>\u00a0<\/div><div id=\"cke_pastebin\" style=\"text-align: justify;\"><strong>Atualmente, a Associa\u00e7\u00e3o das Senhoras Crist\u00e3s Benedita Fernandes, desenvolve seus servi\u00e7os nas seguintes Unidades:<\/strong><\/div><div id=\"cke_pastebin\" style=\"text-align: justify;\">\u00a0<\/div><div id=\"cke_pastebin\" style=\"text-align: justify;\">a) Centro de Psicologia e Terapias Integrativas Benedita Fernandes ou Psico Benedita Fernandes &#8211; \u00e0 Rua Benedita Fernandes, 445, no Bairro Santana, Ara\u00e7atuba (SP), Fone 3636-7825 &#8211; Unidade pr\u00f3pria.<\/div><div style=\"text-align: justify;\">\u00a0<\/div><div style=\"text-align: justify;\">b) CAPS ad II Benedita Fernandes, Centro de Aten\u00e7\u00e3o Psicossocial \u2013 \u00c1lcool e Drogas &#8211;\u00a0 \u00e0 rua Bastos Cordeiro, n\u00ba 1.051, no bairro Santana, CEP 16.050-460, Ara\u00e7atuba (SP), Fone 3621-3463, Unidade Administrada sob Conv\u00eanio SMSA n\u00ba 096\/2018;<\/div><div style=\"text-align: justify;\">\u00a0<\/div><div id=\"cke_pastebin\" style=\"text-align: justify;\">c) CAPS i &#8211; Centro de Aten\u00e7\u00e3o Psicossocial Infantil &#8211; \u00e0 Rua S\u00edlvio Russo, 263, Bairro \u00c1gua Branca, Ara\u00e7atuba-SP., Fone 3637-1010, Unidade sob Contrato de Gest\u00e3o SMSA n\u00ba 047\/2016.<\/div><div style=\"text-align: justify;\">\u00a0<\/div><div style=\"text-align: justify;\">d) CAPS III &#8211; Centro de Aten\u00e7\u00e3o Psicossocial Adulto, \u00e0 Rua Primeiro de Maio, 607, Vila Est\u00e1dio, Ara\u00e7atuba-sP., Fone 3637-1050, e duas Resid\u00eancias Terap\u00eauticas: das Violetas e do Beija Flor, Unidades sob Contrato de Gest\u00e3o SMSA n\u00ba 067\/2016.<\/div><div style=\"text-align: justify;\">\u00a0<\/div><div style=\"text-align: justify;\"><div><strong>Servi\u00e7os descontinuados:<\/strong><\/div><div>\u00a0<\/div><div><div>a) Hospital Benedita Fernandes &#8211; Encerrou o atendimento ao p\u00fablico externo em 18\/11\/2015. Com a transfer\u00eancia dos 12 moradores restantes, para as Resid\u00eancias Terap\u00eauticas, em 30 de Mar\u00e7o de 2.017, os quais estavam sob cuidados e assist\u00eancia da Associa\u00e7\u00e3o esta Unidade foi desativada.<\/div><div>\u00a0<\/div><\/div><div id=\"cke_pastebin\">b) Hospital Municipal da Mulher \u201cDr. Jo\u00e3o Lu\u00eds de Jesus Rosseto\u201d, \u00e0 rua Sacadura Cabral, n\u00ba 471, no bairro Avia\u00e7\u00e3o, CEP 16.055-510, Ara\u00e7atuba ( SP). Gest\u00e3o parcial abrangendo: M\u00e9dicos Plantonistas, M\u00e9dicos Cirurgi\u00f5es, Higieniza\u00e7\u00e3o\/Limpeza (interna) e Manuten\u00e7\u00e3o Predial, Unidade sob Contrato de Gest\u00e3o SMSA n\u00ba 004\/2014, at\u00e9 10\/09\/2017, data em que, em atendimento \u00e0 Liminar Judicial concedia ao Minist\u00e9rio P\u00fablico de Ara\u00e7atuba, as atividades citadas foram interrompidas definitivamente, por\u00e9m em 21\/11\/2017, o Merit\u00edssimo Dr. Jos\u00e9 Daniel Dinis Gon\u00e7alves, mandou arquivar o Processo\u00a01003622-81.2017.8.26.0032, julgando-o totalmente improcedente.<\/div><div>\u00a0<\/div><div>A gest\u00e3o e supervis\u00e3o dos servi\u00e7os proporcionados, pela ASCBF, s\u00e3o de responsabilidade da Diretoria Executiva, nomeada de acordo com dispositivos Estatut\u00e1rios.<\/div><\/div><\/div><\/div>\t\t\t\t\t\t\t\t<\/div>\n\t\t\t\t<\/div>\n\t\t\t\t\t<\/div>\n\t\t\t\t<\/div>\n\t\t\t\t<\/div>\n\t\t","protected":false},"excerpt":{"rendered":"<p>Servi\u00e7os \u00a0Atualmente, a Associa\u00e7\u00e3o das Senhoras Crist\u00e3s Benedita Fernandes, desenvolve seus servi\u00e7os nas seguintes Unidades:\u00a0a) Centro de Psicologia e Terapias Integrativas Benedita Fernandes ou Psico Benedita Fernandes &#8211; \u00e0 Rua Benedita Fernandes, 445, no Bairro Santana, Ara\u00e7atuba (SP), Fone 3636-7825 &#8211; Unidade pr\u00f3pria.\u00a0b) CAPS ad II Benedita Fernandes, Centro de Aten\u00e7\u00e3o Psicossocial \u2013 \u00c1lcool e [&hellip;]<\/p>\n","protected":false},"author":2,"featured_media":0,"parent":0,"menu_order":0,"comment_status":"closed","ping_status":"closed","template":"","meta":{"footnotes":""},"class_list":["post-202","page","type-page","status-publish","hentry"],"yoast_head":"<!-- This site is optimized with the Yoast SEO Premium plugin v27.2 (Yoast SEO v27.2) - https:\/\/yoast.com\/product\/yoast-seo-premium-wordpress\/ -->\n<title>Servi\u00e7os - Associa\u00e7\u00e3o das Senhoras Crist\u00e3s Benedita Fernandes<\/title>\n<meta name=\"robots\" content=\"index, follow, max-snippet:-1, max-image-preview:large, max-video-preview:-1\" \/>\n<link rel=\"canonical\" href=\"https:\/\/ascbeneditafernandes.com.br\/asc\/servicos\/\" \/>\n<meta property=\"og:locale\" content=\"pt_BR\" \/>\n<meta property=\"og:type\" content=\"article\" \/>\n<meta property=\"og:title\" content=\"Servi\u00e7os\" \/>\n<meta property=\"og:description\" content=\"Servi\u00e7os \u00a0Atualmente, a Associa\u00e7\u00e3o das Senhoras Crist\u00e3s Benedita Fernandes, desenvolve seus servi\u00e7os nas seguintes Unidades:\u00a0a) Centro de Psicologia e Terapias Integrativas Benedita Fernandes ou Psico Benedita Fernandes &#8211; \u00e0 Rua Benedita Fernandes, 445, no Bairro Santana, Ara\u00e7atuba (SP), Fone 3636-7825 &#8211; Unidade pr\u00f3pria.\u00a0b) CAPS ad II Benedita Fernandes, Centro de Aten\u00e7\u00e3o Psicossocial \u2013 \u00c1lcool e [&hellip;]\" \/>\n<meta property=\"og:url\" content=\"https:\/\/ascbeneditafernandes.com.br\/asc\/servicos\/\" \/>\n<meta property=\"og:site_name\" content=\"Associa\u00e7\u00e3o das Senhoras Crist\u00e3s Benedita Fernandes\" \/>\n<meta property=\"article:modified_time\" content=\"2024-05-06T15:35:39+00:00\" \/>\n<meta property=\"og:image\" content=\"https:\/\/cpanel-rs-tqr-06.srx.net.br\/~ascbf\/asc\/wp-content\/uploads\/2024\/05\/saude-mental.jpg\" \/>\n<meta name=\"twitter:card\" content=\"summary_large_image\" \/>\n<meta name=\"twitter:label1\" content=\"Est. tempo de leitura\" \/>\n\t<meta name=\"twitter:data1\" content=\"2 minutos\" \/>\n<script type=\"application\/ld+json\" class=\"yoast-schema-graph\">{\"@context\":\"https:\/\/schema.org\",\"@graph\":[{\"@type\":\"WebPage\",\"@id\":\"https:\/\/ascbeneditafernandes.com.br\/asc\/servicos\/\",\"url\":\"https:\/\/ascbeneditafernandes.com.br\/asc\/servicos\/\",\"name\":\"Servi\u00e7os - Associa\u00e7\u00e3o das Senhoras Crist\u00e3s Benedita Fernandes\",\"isPartOf\":{\"@id\":\"https:\/\/ascbeneditafernandes.com.br\/asc\/#website\"},\"primaryImageOfPage\":{\"@id\":\"https:\/\/ascbeneditafernandes.com.br\/asc\/servicos\/#primaryimage\"},\"image\":{\"@id\":\"https:\/\/ascbeneditafernandes.com.br\/asc\/servicos\/#primaryimage\"},\"thumbnailUrl\":\"https:\/\/cpanel-rs-tqr-06.srx.net.br\/~ascbf\/asc\/wp-content\/uploads\/2024\/05\/saude-mental.jpg\",\"datePublished\":\"2024-05-06T15:33:05+00:00\",\"dateModified\":\"2024-05-06T15:35:39+00:00\",\"breadcrumb\":{\"@id\":\"https:\/\/ascbeneditafernandes.com.br\/asc\/servicos\/#breadcrumb\"},\"inLanguage\":\"pt-BR\",\"potentialAction\":[{\"@type\":\"ReadAction\",\"target\":[\"https:\/\/ascbeneditafernandes.com.br\/asc\/servicos\/\"]}]},{\"@type\":\"ImageObject\",\"inLanguage\":\"pt-BR\",\"@id\":\"https:\/\/ascbeneditafernandes.com.br\/asc\/servicos\/#primaryimage\",\"url\":\"https:\/\/cpanel-rs-tqr-06.srx.net.br\/~ascbf\/asc\/wp-content\/uploads\/2024\/05\/saude-mental.jpg\",\"contentUrl\":\"https:\/\/cpanel-rs-tqr-06.srx.net.br\/~ascbf\/asc\/wp-content\/uploads\/2024\/05\/saude-mental.jpg\"},{\"@type\":\"BreadcrumbList\",\"@id\":\"https:\/\/ascbeneditafernandes.com.br\/asc\/servicos\/#breadcrumb\",\"itemListElement\":[{\"@type\":\"ListItem\",\"position\":1,\"name\":\"In\u00edcio\",\"item\":\"https:\/\/ascbeneditafernandes.com.br\/asc\/\"},{\"@type\":\"ListItem\",\"position\":2,\"name\":\"Servi\u00e7os\"}]},{\"@type\":\"WebSite\",\"@id\":\"https:\/\/ascbeneditafernandes.com.br\/asc\/#website\",\"url\":\"https:\/\/ascbeneditafernandes.com.br\/asc\/\",\"name\":\"Associa\u00e7\u00e3o das Senhoras Crist\u00e3s Benedita Fernandes\",\"description\":\"ASCBF\",\"publisher\":{\"@id\":\"https:\/\/ascbeneditafernandes.com.br\/asc\/#organization\"},\"potentialAction\":[{\"@type\":\"SearchAction\",\"target\":{\"@type\":\"EntryPoint\",\"urlTemplate\":\"https:\/\/ascbeneditafernandes.com.br\/asc\/?s={search_term_string}\"},\"query-input\":{\"@type\":\"PropertyValueSpecification\",\"valueRequired\":true,\"valueName\":\"search_term_string\"}}],\"inLanguage\":\"pt-BR\"},{\"@type\":\"Organization\",\"@id\":\"https:\/\/ascbeneditafernandes.com.br\/asc\/#organization\",\"name\":\"Associa\u00e7\u00e3o das Senhoras Crist\u00e3s Benedita Fernandes\",\"url\":\"https:\/\/ascbeneditafernandes.com.br\/asc\/\",\"logo\":{\"@type\":\"ImageObject\",\"inLanguage\":\"pt-BR\",\"@id\":\"https:\/\/ascbeneditafernandes.com.br\/asc\/#\/schema\/logo\/image\/\",\"url\":\"https:\/\/ascbeneditafernandes.com.br\/asc\/wp-content\/uploads\/2024\/04\/logo-ascbf.png\",\"contentUrl\":\"https:\/\/ascbeneditafernandes.com.br\/asc\/wp-content\/uploads\/2024\/04\/logo-ascbf.png\",\"width\":804,\"height\":110,\"caption\":\"Associa\u00e7\u00e3o das Senhoras Crist\u00e3s Benedita Fernandes\"},\"image\":{\"@id\":\"https:\/\/ascbeneditafernandes.com.br\/asc\/#\/schema\/logo\/image\/\"}}]}<\/script>\n<!-- \/ Yoast SEO Premium plugin. -->","yoast_head_json":{"title":"Servi\u00e7os - Associa\u00e7\u00e3o das Senhoras Crist\u00e3s Benedita Fernandes","robots":{"index":"index","follow":"follow","max-snippet":"max-snippet:-1","max-image-preview":"max-image-preview:large","max-video-preview":"max-video-preview:-1"},"canonical":"https:\/\/ascbeneditafernandes.com.br\/asc\/servicos\/","og_locale":"pt_BR","og_type":"article","og_title":"Servi\u00e7os","og_description":"Servi\u00e7os \u00a0Atualmente, a Associa\u00e7\u00e3o das Senhoras Crist\u00e3s Benedita Fernandes, desenvolve seus servi\u00e7os nas seguintes Unidades:\u00a0a) Centro de Psicologia e Terapias Integrativas Benedita Fernandes ou Psico Benedita Fernandes &#8211; \u00e0 Rua Benedita Fernandes, 445, no Bairro Santana, Ara\u00e7atuba (SP), Fone 3636-7825 &#8211; Unidade pr\u00f3pria.\u00a0b) CAPS ad II Benedita Fernandes, Centro de Aten\u00e7\u00e3o Psicossocial \u2013 \u00c1lcool e [&hellip;]","og_url":"https:\/\/ascbeneditafernandes.com.br\/asc\/servicos\/","og_site_name":"Associa\u00e7\u00e3o das Senhoras Crist\u00e3s Benedita Fernandes","article_modified_time":"2024-05-06T15:35:39+00:00","og_image":[{"url":"https:\/\/cpanel-rs-tqr-06.srx.net.br\/~ascbf\/asc\/wp-content\/uploads\/2024\/05\/saude-mental.jpg","type":"","width":"","height":""}],"twitter_card":"summary_large_image","twitter_misc":{"Est. tempo de leitura":"2 minutos"},"schema":{"@context":"https:\/\/schema.org","@graph":[{"@type":"WebPage","@id":"https:\/\/ascbeneditafernandes.com.br\/asc\/servicos\/","url":"https:\/\/ascbeneditafernandes.com.br\/asc\/servicos\/","name":"Servi\u00e7os - Associa\u00e7\u00e3o das Senhoras Crist\u00e3s Benedita Fernandes","isPartOf":{"@id":"https:\/\/ascbeneditafernandes.com.br\/asc\/#website"},"primaryImageOfPage":{"@id":"https:\/\/ascbeneditafernandes.com.br\/asc\/servicos\/#primaryimage"},"image":{"@id":"https:\/\/ascbeneditafernandes.com.br\/asc\/servicos\/#primaryimage"},"thumbnailUrl":"https:\/\/cpanel-rs-tqr-06.srx.net.br\/~ascbf\/asc\/wp-content\/uploads\/2024\/05\/saude-mental.jpg","datePublished":"2024-05-06T15:33:05+00:00","dateModified":"2024-05-06T15:35:39+00:00","breadcrumb":{"@id":"https:\/\/ascbeneditafernandes.com.br\/asc\/servicos\/#breadcrumb"},"inLanguage":"pt-BR","potentialAction":[{"@type":"ReadAction","target":["https:\/\/ascbeneditafernandes.com.br\/asc\/servicos\/"]}]},{"@type":"ImageObject","inLanguage":"pt-BR","@id":"https:\/\/ascbeneditafernandes.com.br\/asc\/servicos\/#primaryimage","url":"https:\/\/cpanel-rs-tqr-06.srx.net.br\/~ascbf\/asc\/wp-content\/uploads\/2024\/05\/saude-mental.jpg","contentUrl":"https:\/\/cpanel-rs-tqr-06.srx.net.br\/~ascbf\/asc\/wp-content\/uploads\/2024\/05\/saude-mental.jpg"},{"@type":"BreadcrumbList","@id":"https:\/\/ascbeneditafernandes.com.br\/asc\/servicos\/#breadcrumb","itemListElement":[{"@type":"ListItem","position":1,"name":"In\u00edcio","item":"https:\/\/ascbeneditafernandes.com.br\/asc\/"},{"@type":"ListItem","position":2,"name":"Servi\u00e7os"}]},{"@type":"WebSite","@id":"https:\/\/ascbeneditafernandes.com.br\/asc\/#website","url":"https:\/\/ascbeneditafernandes.com.br\/asc\/","name":"Associa\u00e7\u00e3o das Senhoras Crist\u00e3s Benedita Fernandes","description":"ASCBF","publisher":{"@id":"https:\/\/ascbeneditafernandes.com.br\/asc\/#organization"},"potentialAction":[{"@type":"SearchAction","target":{"@type":"EntryPoint","urlTemplate":"https:\/\/ascbeneditafernandes.com.br\/asc\/?s={search_term_string}"},"query-input":{"@type":"PropertyValueSpecification","valueRequired":true,"valueName":"search_term_string"}}],"inLanguage":"pt-BR"},{"@type":"Organization","@id":"https:\/\/ascbeneditafernandes.com.br\/asc\/#organization","name":"Associa\u00e7\u00e3o das Senhoras Crist\u00e3s Benedita Fernandes","url":"https:\/\/ascbeneditafernandes.com.br\/asc\/","logo":{"@type":"ImageObject","inLanguage":"pt-BR","@id":"https:\/\/ascbeneditafernandes.com.br\/asc\/#\/schema\/logo\/image\/","url":"https:\/\/ascbeneditafernandes.com.br\/asc\/wp-content\/uploads\/2024\/04\/logo-ascbf.png","contentUrl":"https:\/\/ascbeneditafernandes.com.br\/asc\/wp-content\/uploads\/2024\/04\/logo-ascbf.png","width":804,"height":110,"caption":"Associa\u00e7\u00e3o das Senhoras Crist\u00e3s Benedita Fernandes"},"image":{"@id":"https:\/\/ascbeneditafernandes.com.br\/asc\/#\/schema\/logo\/image\/"}}]}},"_links":{"self":[{"href":"https:\/\/ascbeneditafernandes.com.br\/asc\/wp-json\/wp\/v2\/pages\/202","targetHints":{"allow":["GET"]}}],"collection":[{"href":"https:\/\/ascbeneditafernandes.com.br\/asc\/wp-json\/wp\/v2\/pages"}],"about":[{"href":"https:\/\/ascbeneditafernandes.com.br\/asc\/wp-json\/wp\/v2\/types\/page"}],"author":[{"embeddable":true,"href":"https:\/\/ascbeneditafernandes.com.br\/asc\/wp-json\/wp\/v2\/users\/2"}],"replies":[{"embeddable":true,"href":"https:\/\/ascbeneditafernandes.com.br\/asc\/wp-json\/wp\/v2\/comments?post=202"}],"version-history":[{"count":3,"href":"https:\/\/ascbeneditafernandes.com.br\/asc\/wp-json\/wp\/v2\/pages\/202\/revisions"}],"predecessor-version":[{"id":206,"href":"https:\/\/ascbeneditafernandes.com.br\/asc\/wp-json\/wp\/v2\/pages\/202\/revisions\/206"}],"wp:attachment":[{"href":"https:\/\/ascbeneditafernandes.com.br\/asc\/wp-json\/wp\/v2\/media?parent=202"}],"curies":[{"name":"wp","href":"https:\/\/api.w.org\/{rel}","templated":true}]}}