{"id":176,"date":"2024-05-06T12:06:14","date_gmt":"2024-05-06T15:06:14","guid":{"rendered":"https:\/\/cpanel-rs-tqr-06.srx.net.br\/~ascbf\/asc\/?page_id=176"},"modified":"2024-05-06T12:32:50","modified_gmt":"2024-05-06T15:32:50","slug":"quem-somos","status":"publish","type":"page","link":"https:\/\/ascbeneditafernandes.com.br\/asc\/quem-somos\/","title":{"rendered":"Quem Somos"},"content":{"rendered":"\t\t<div data-elementor-type=\"wp-page\" data-elementor-id=\"176\" class=\"elementor elementor-176\" data-elementor-post-type=\"page\">\n\t\t\t\t<div data-particle_enable=\"false\" data-particle-mobile-disabled=\"false\" class=\"elementor-element elementor-element-de342dc e-grid e-con-boxed e-con e-parent\" data-id=\"de342dc\" data-element_type=\"container\" data-e-type=\"container\">\n\t\t\t\t\t<div class=\"e-con-inner\">\n\t\t\t\t<div class=\"elementor-element elementor-element-4f25a59 elementor-widget elementor-widget-spacer\" data-id=\"4f25a59\" data-element_type=\"widget\" data-e-type=\"widget\" data-widget_type=\"spacer.default\">\n\t\t\t\t<div class=\"elementor-widget-container\">\n\t\t\t\t\t\t\t<div class=\"elementor-spacer\">\n\t\t\t<div class=\"elementor-spacer-inner\"><\/div>\n\t\t<\/div>\n\t\t\t\t\t\t<\/div>\n\t\t\t\t<\/div>\n\t\t\t\t\t<\/div>\n\t\t\t\t<\/div>\n\t\t<div data-particle_enable=\"false\" data-particle-mobile-disabled=\"false\" class=\"elementor-element elementor-element-bd2ae4b e-flex e-con-boxed e-con e-parent\" data-id=\"bd2ae4b\" data-element_type=\"container\" data-e-type=\"container\">\n\t\t\t\t\t<div class=\"e-con-inner\">\n\t\t\t\t<div class=\"elementor-element elementor-element-c080126 elementor-align-left elementor-widget elementor-widget-breadcrumbs\" data-id=\"c080126\" data-element_type=\"widget\" data-e-type=\"widget\" data-widget_type=\"breadcrumbs.default\">\n\t\t\t\t<div class=\"elementor-widget-container\">\n\t\t\t\t\t<p id=\"breadcrumbs\"><span><span><a href=\"https:\/\/ascbeneditafernandes.com.br\/asc\/\">In\u00edcio<\/a><\/span><\/span><\/p>\t\t\t\t<\/div>\n\t\t\t\t<\/div>\n\t\t\t\t<div class=\"elementor-element elementor-element-e358dae elementor-widget-divider--view-line elementor-widget elementor-widget-divider\" data-id=\"e358dae\" data-element_type=\"widget\" data-e-type=\"widget\" data-widget_type=\"divider.default\">\n\t\t\t\t<div class=\"elementor-widget-container\">\n\t\t\t\t\t\t\t<div class=\"elementor-divider\">\n\t\t\t<span class=\"elementor-divider-separator\">\n\t\t\t\t\t\t<\/span>\n\t\t<\/div>\n\t\t\t\t\t\t<\/div>\n\t\t\t\t<\/div>\n\t\t\t\t<div class=\"elementor-element elementor-element-0e4bd4a elementor-widget elementor-widget-heading\" data-id=\"0e4bd4a\" data-element_type=\"widget\" data-e-type=\"widget\" data-widget_type=\"heading.default\">\n\t\t\t\t<div class=\"elementor-widget-container\">\n\t\t\t\t\t<h2 class=\"elementor-heading-title elementor-size-default\">Quem somos?<\/h2>\t\t\t\t<\/div>\n\t\t\t\t<\/div>\n\t\t\t\t<div class=\"elementor-element elementor-element-96a1206 elementor-widget elementor-widget-text-editor\" data-id=\"96a1206\" data-element_type=\"widget\" data-e-type=\"widget\" data-widget_type=\"text-editor.default\">\n\t\t\t\t<div class=\"elementor-widget-container\">\n\t\t\t\t\t\t\t\t\t<p><img fetchpriority=\"high\" decoding=\"async\" class=\"wp-image-177 size-full aligncenter\" src=\"https:\/\/cpanel-rs-tqr-06.srx.net.br\/~ascbf\/asc\/wp-content\/uploads\/2024\/05\/quemsomos1.jpg\" alt=\"\" width=\"500\" height=\"375\" srcset=\"https:\/\/ascbeneditafernandes.com.br\/asc\/wp-content\/uploads\/2024\/05\/quemsomos1.jpg 500w, https:\/\/ascbeneditafernandes.com.br\/asc\/wp-content\/uploads\/2024\/05\/quemsomos1-300x225.jpg 300w\" sizes=\"(max-width: 500px) 100vw, 500px\" \/><\/p><p><img decoding=\"async\" class=\"size-medium wp-image-19 aligncenter\" src=\"https:\/\/cpanel-rs-tqr-06.srx.net.br\/~ascbf\/asc\/wp-content\/uploads\/2024\/04\/logo-ascbf-300x41.png\" alt=\"\" width=\"300\" height=\"41\" srcset=\"https:\/\/ascbeneditafernandes.com.br\/asc\/wp-content\/uploads\/2024\/04\/logo-ascbf-300x41.png 300w, https:\/\/ascbeneditafernandes.com.br\/asc\/wp-content\/uploads\/2024\/04\/logo-ascbf-768x105.png 768w, https:\/\/ascbeneditafernandes.com.br\/asc\/wp-content\/uploads\/2024\/04\/logo-ascbf.png 804w\" sizes=\"(max-width: 300px) 100vw, 300px\" \/><\/p><div style=\"text-align: justify;\"><strong>I &#8211; INSTITUI\u00c7\u00c3O<\/strong><\/div><div style=\"text-align: justify;\">\u00a0<\/div><div id=\"cke_pastebin\" style=\"text-align: justify;\">A <strong><u>Associa\u00e7\u00e3o das Senhoras Crist\u00e3s BENEDITA FERNANDES<\/u><\/strong>, constitu\u00edda em seis de mar\u00e7o de 1932, \u00e9 uma entidade de direito privado com sede e foro no munic\u00edpio e comarca de Ara\u00e7atuba, \u00e0 rua Benedita Fernandes, n\u00ba 445, bairro Santana, CEP 16.050-535, dotada de personalidade jur\u00eddica conforme inscri\u00e7\u00e3o no livro de registro de pessoas jur\u00eddicas, sob n\u00ba 9, A-1, fls. 10\/12, de 12 de maio de 1944, do Cart\u00f3rio de Registro de Im\u00f3veis da comarca de Ara\u00e7atuba (SP), reconhecida de Utilidade P\u00fablica Federal pelo Decreto n\u00ba 88.103, de 10 de fevereiro de 1983; de Utilidade P\u00fablica Estadual, pela Lei n\u00ba 2.097, de 27 de dezembro de 1952; e de Utilidade P\u00fablica Municipal, de acordo com a Lei n\u00ba 1.762, de 15 de maio de 1974, inscrita no CNPJ sob n\u00ba 43.762.442\/0001-88, estando registrada em todos os \u00f3rg\u00e3os governamentais e de classe.<\/div><div id=\"cke_pastebin\" style=\"text-align: justify;\">\u00a0<\/div><div id=\"cke_pastebin\" style=\"text-align: justify;\"><strong>II \u2013 OBJETIVO, \u00c1REA E \u00c2MBITO DE ATUA\u00c7\u00c3O<\/strong><\/div><div id=\"cke_pastebin\" style=\"text-align: justify;\">\u00a0<\/div><div id=\"cke_pastebin\" style=\"text-align: justify;\">A Associa\u00e7\u00e3o das Senhoras Crist\u00e3s BENEDITA FERNANDES de Ara\u00e7atuba, doravante designada Associa\u00e7\u00e3o, \u00e9 uma entidade assistencial sem finalidade lucrativa e destina-se a atender pessoas necessitadas, independentemente de origem, ra\u00e7a, cor, credo religioso ou op\u00e7\u00e3o pol\u00edtica partid\u00e1ria, podendo atuar por meio de servi\u00e7os assistenciais e filantr\u00f3picos nas \u00e1reas da sa\u00fade, educa\u00e7\u00e3o, ensino, cultura, lazer, pesquisa cient\u00edfica, desenvolvimento tecnol\u00f3gico, prote\u00e7\u00e3o e preserva\u00e7\u00e3o ambiental, e quaisquer atividades relacionadas \u00e0 promo\u00e7\u00e3o do ser humano, em \u00e2mbito municipal, estadual ou federal.<\/div><div id=\"cke_pastebin\" style=\"text-align: justify;\">\u00a0<\/div><div id=\"cke_pastebin\" style=\"text-align: justify;\">A ASC BENEDITA FERNANDES manter\u00e1 tantas unidades de servi\u00e7os quantas forem necess\u00e1rias \u00e0 execu\u00e7\u00e3o de suas atividades, podendo atuar nas suas depend\u00eancias, externamente, s\u00f3 ou em parceria com entidades de direito p\u00fablico ou privado.<\/div><div id=\"cke_pastebin\" style=\"text-align: justify;\">\u00a0<\/div><div id=\"cke_pastebin\" style=\"text-align: justify;\">\u00a0<\/div><div id=\"cke_pastebin\" style=\"text-align: justify;\"><p><strong>III &#8211; ATUA\u00c7\u00c3O NO CAMPO DE OS (ORGANIZA\u00c7\u00c3O SOCIAL)<\/strong><\/p><p>\u00a0<\/p><p>Com o proposito de expans\u00e3o de seus servi\u00e7os, a Associa\u00e7\u00e3o das Senhoras Crist\u00e3s Benedita Fernandes se torna uma OS (Organiza\u00e7\u00e3o Social), que tem por finalidade a Gest\u00e3o de:<\/p><p>\u00a0<\/p><p><strong>UNIDADES DE SA\u00daDE<\/strong><\/p><p>\u00a0<\/p><p>Compreende a operacionaliza\u00e7\u00e3o deum programa de trabalho, composto por planejamento, organiza\u00e7\u00e3o, execu\u00e7\u00e3o e an\u00e1lise de desempenho, de\u00a0 Unidades de Sa\u00fade em conformidade com\u00a0 t\u00e9cnicas contempor\u00e2neas de gest\u00e3o e assist\u00eancia e em conformidade com legisla\u00e7\u00f5es e normas t\u00e9cnicase regulamentadoras\u00a0 vigentes, podendo administrar\u00a0<strong>Hospitais, Pronto Socorros, UPA, Ambulat\u00f3rio de Especialidades<\/strong>, <strong>SAMU \u2013 Servi\u00e7o de Atendimento M\u00f3vel de Urg\u00eancia<\/strong>, ESF (<strong>Estrat\u00e9gia Sa\u00fade da Fam\u00edlia)<\/strong> e <strong>CAPS (Centro de Aten\u00e7\u00e3o Psicossocial).<\/strong><\/p><p>\u00a0<\/p><p><strong>UNIDADES NA \u00c1REA DE ASSISTENCIA SOCIAL<\/strong><\/p><p>\u00a0<\/p><p>Compreende a operacionaliza\u00e7\u00e3o de um programa de trabalho, composto por planejamento, organiza\u00e7\u00e3o, execu\u00e7\u00e3o e an\u00e1lise de desempenho em conformidade com\u00a0 t\u00e9cnicas contempor\u00e2neas de gest\u00e3o, legisla\u00e7\u00f5es e normas t\u00e9cnicase regulamentadoras\u00a0 vigentesno \u00e2mbito da Assist\u00eancia Social, podendo gerir CRAS (Centros de Refer\u00eancia a Assist\u00eancia Social), CREAS (Centros de Refer\u00eancia Especializados de Assist\u00eancia Social), CCI (Centro de Conviv\u00eancia de Idosos) entre outros.<\/p><p>\u00a0<\/p><p>A Associa\u00e7\u00e3o das Senhoras Crist\u00e3s Benedita Fernandes poder\u00e1 oferecer, a empresas p\u00fablicas e\/ou privadas cursos de CAPACITA\u00c7\u00c3O, ORIENTA\u00c7\u00c3O E DESEMPENHO PROFISSIONAL:<\/p><p><strong>\u00b7\u00a0\u00a0\u00a0\u00a0\u00a0\u00a0\u00a0\u00a0 <\/strong><strong>Indicadores de desempenho Organizacional;<\/strong><\/p><p>\u00b7\u00a0\u00a0\u00a0\u00a0\u00a0\u00a0\u00a0\u00a0 <strong>Desenvolvimento de Lideran\u00e7as e de equipes;<\/strong><\/p><p>\u00b7\u00a0\u00a0\u00a0\u00a0\u00a0\u00a0\u00a0\u00a0 <strong>Comunica\u00e7\u00e3o e Relacionamento Interpessoal;<\/strong><\/p><p><strong>\u00b7\u00a0\u00a0\u00a0\u00a0\u00a0\u00a0\u00a0\u00a0 <\/strong><strong>Capacita\u00e7\u00f5es t\u00e9cnicas nas \u00e1reas\u00a0 m\u00e9dica, administrativa e de enfermagem;<\/strong><\/p><p><strong>\u00b7\u00a0\u00a0\u00a0\u00a0\u00a0\u00a0\u00a0\u00a0 <\/strong><strong>Seguran\u00e7a do Trabalho, CIPA;<\/strong><\/p><p>\u00b7\u00a0\u00a0\u00a0\u00a0\u00a0\u00a0\u00a0\u00a0 <strong>Implanta\u00e7\u00e3o de pesquisas de satisfa\u00e7\u00e3o;<\/strong><\/p><p><strong>\u00b7\u00a0\u00a0\u00a0\u00a0\u00a0\u00a0\u00a0\u00a0 <\/strong><strong>Implanta\u00e7\u00e3o de pesquisas de clima organizacional.<\/strong><\/p><p>\u00a0<\/p><p><strong>Al\u00e9m destes, poder\u00e1 oferecer, a empresas p\u00fablicas <\/strong>e\/ou privadas cursos, palestras de preven\u00e7\u00e3o e semin\u00e1rios voltados \u00e0 \u00e1rea de sa\u00fade mental, uso abusivo de subst\u00e2ncias psicoativas, trabalho em rede entre outros.<\/p><p>\u00a0<\/p><p><strong>IV &#8211; CORPO DIRETIVO ATUAL<\/strong><\/p><p><strong>CONSELHO DE ADMINISTRA\u00c7\u00c3O<\/strong><\/p><p><strong>Per\u00edodo de mandato: <\/strong>01\/03\/2022 a 28\/02\/2026<\/p><p>Edson Brancaglioni Camargo &#8211; Presidente<\/p><p>Ant\u00f4nio Domingos de Camargo<\/p><p>Luiz Sacchi<\/p><p>Luiz Raphael Arello<\/p><p>Marlene Aparecido Antigo<\/p><p>Odair Martins de Oliveira<\/p><p><strong>Per\u00edodo de mandato: <\/strong>01\/03\/2022 a 28\/02\/2024<\/p><p>Aparecido H\u00e9rcules Gimael \u2013 Vice-Presidente<\/p><p>Eur\u00edpedes Alencar Ces\u00e1rio<\/p><p>Jaime Jos\u00e9 da Silva<\/p><p>Sidney Torrecilha Basso<\/p><p>Vladimir Vitoriano da Silva<\/p><p>\u00a0<\/p><p><strong>CONSELHO FISCAL<\/strong><\/p><p><strong>Per\u00edodo de mandato: <\/strong>01\/03\/2022 a 28\/02\/2026<\/p><p><strong>Titulares:<\/strong><\/p><p>Ana L\u00facia de Souza Ghaname<\/p><p>Ataliba Mendon\u00e7a Filho<\/p><p>J\u00falio C\u00e9sar Furlan<\/p><p><strong>Suplentes:<\/strong><\/p><p>Fabio Carrasco Valverde<\/p><p>Jo\u00e3o Serafim Vieira<\/p><p>\u00a0<\/p><p><strong>DIRETORIA EXECUTIVA<\/strong><\/p><p><strong>Per\u00edodo de mandato: <\/strong>01\/03\/2022 a 28\/02\/2026<\/p><p><strong>Diretor Presidente:<\/strong> Paulo Jos\u00e9 Boscaro<\/p><p><strong>Diretor Vice-Presidente:<\/strong> Claudenil Luiz de Almeida<\/p><p><strong>Diretor Tesoureiro:<\/strong> Eloi Louren\u00e7o Filho<\/p><p><strong>Diretor Segundo Tesoureiro:<\/strong> Leonam Mendes de Lima<\/p><p><strong>Diretora Secret\u00e1ria:<\/strong> Maria Jos\u00e9 Isique\u00a0<\/p><p><strong>Diretora Segunda Secret\u00e1ria:<\/strong> Maria da Piedade Ab\u00edlio Cinti\u00a0<\/p><p>\u00a0<\/p><p><strong>GEST\u00c3O ADMINISTRATIVA:<\/strong><\/p><p><strong>Secret\u00e1ria da Diretoria:\u00a0<\/strong>Eunice de Almeida Melo<\/p><p><strong>Gerente Administrativo:\u00a0<\/strong>Vladimir Vitoriano da Silva<\/p><p><strong>Gerente Servi\u00e7os de Sa\u00fade:\u00a0<\/strong>Andr\u00e9 Luis Marques Nogueira<\/p><p><strong>Gerente de Projetos:<\/strong>\u00a0Leodete de Oliveira Guerhardt<\/p><p><strong>Contador:\u00a0<\/strong>Renato C\u00e9sar Ribeiro<\/p><p>\u00a0<\/p><p><strong>V &#8211; CORPO DIRETIVO ANTERIOR<\/strong><\/p><p><strong>DIRETORIA EXECUTIVA (2.018 \u00e0 2.022):<\/strong><\/p><p><strong>Presidente: <\/strong>Ant\u00f4nio Domingos de Camargo<\/p><p><strong>Vice-Presidente: <\/strong>Paulo Jos\u00e9 Boscaro<\/p><p><strong>Tesoureiro:\u00a0<\/strong>Claudenil Luiz de Almeida<\/p><p><strong>Vice Tesoureiro:\u00a0<\/strong>Luiz Sacchi<\/p><p><strong>Secret\u00e1ria:\u00a0<\/strong>Maria da Piedade Ab\u00edlio Cinti<\/p><p>\u00a0<\/p><p><strong>CONSELHO DE ADMINISTRA\u00c7\u00c3O:<\/strong><\/p><p><strong>Presidente: <\/strong>Edson Brancaglioni Camargo (2.018 \u00e0 2.022)<\/p><p><strong>Vice-Presidente:\u00a0<\/strong>Aparecido H\u00e9rcules Gimael (2.020 \u00e0 2.022)<\/p><p><strong>Membro:\u00a0<\/strong>Jaime Jos\u00e9 Silva (2.020 \u00e0 2.022)<\/p><p><strong>Membro: <\/strong>Marlene Aparecida Antigo (2.018 \u00e0 2.022)<\/p><p><strong>Membro:\u00a0<\/strong>Eur\u00edpides Alencar Cesario (2.020 \u00e0 2.022)<\/p><p><strong>Membro:\u00a0<\/strong>Vladimir Vitoriano da Silva\u00a0(2.021 \u00e0 2.022)<\/p><p><strong>Membro:\u00a0<\/strong>Ana L\u00facia de Souza Ghaname (2.018 \u00e0 2.022)<\/p><p><strong>Membro:\u00a0<\/strong>Oscar Saito Neto (2.018 \u00e0 2.022)<\/p><p><strong>Membro:\u00a0<\/strong>Leonam Mendes de Lima (2.018 \u00e0 2.022)<\/p><p><strong>Membro: <\/strong>Sidney Torrecilha Basso (2.020 \u00e0 2.022)<\/p><p><strong>Membro:\u00a0<\/strong>El\u00f3i Louren\u00e7o Filho (2.018 \u00e0 2.022)<\/p><p>\u00a0<\/p><p><strong>CONSELHO FISCAL (2.018 \u00e0 2.022):<\/strong><\/p><p><strong>Titular: <\/strong>Daniel Pereira<\/p><p><strong>Titular:\u00a0<\/strong>Ataliba Mendon\u00e7a Junior<\/p><p><strong>Titular:\u00a0<\/strong>J\u00falio Cesar Furlan<\/p><p><strong>Suplente:<\/strong>Jo\u00e3o Serafim Vieira<\/p><\/div>\t\t\t\t\t\t\t\t<\/div>\n\t\t\t\t<\/div>\n\t\t\t\t\t<\/div>\n\t\t\t\t<\/div>\n\t\t\t\t<\/div>\n\t\t","protected":false},"excerpt":{"rendered":"<p>Quem somos? I &#8211; INSTITUI\u00c7\u00c3O\u00a0A Associa\u00e7\u00e3o das Senhoras Crist\u00e3s BENEDITA FERNANDES, constitu\u00edda em seis de mar\u00e7o de 1932, \u00e9 uma entidade de direito privado com sede e foro no munic\u00edpio e comarca de Ara\u00e7atuba, \u00e0 rua Benedita Fernandes, n\u00ba 445, bairro Santana, CEP 16.050-535, dotada de personalidade jur\u00eddica conforme inscri\u00e7\u00e3o no livro de registro de [&hellip;]<\/p>\n","protected":false},"author":2,"featured_media":0,"parent":0,"menu_order":0,"comment_status":"closed","ping_status":"closed","template":"","meta":{"footnotes":""},"class_list":["post-176","page","type-page","status-publish","hentry"],"yoast_head":"<!-- This site is optimized with the Yoast SEO Premium plugin v27.2 (Yoast SEO v27.2) - https:\/\/yoast.com\/product\/yoast-seo-premium-wordpress\/ -->\n<title>Quem Somos - Associa\u00e7\u00e3o das Senhoras Crist\u00e3s Benedita Fernandes<\/title>\n<meta name=\"robots\" content=\"index, follow, max-snippet:-1, max-image-preview:large, max-video-preview:-1\" \/>\n<link rel=\"canonical\" href=\"https:\/\/ascbeneditafernandes.com.br\/asc\/quem-somos\/\" \/>\n<meta property=\"og:locale\" content=\"pt_BR\" \/>\n<meta property=\"og:type\" content=\"article\" \/>\n<meta property=\"og:title\" content=\"Quem Somos\" \/>\n<meta property=\"og:description\" content=\"Quem somos? I &#8211; INSTITUI\u00c7\u00c3O\u00a0A Associa\u00e7\u00e3o das Senhoras Crist\u00e3s BENEDITA FERNANDES, constitu\u00edda em seis de mar\u00e7o de 1932, \u00e9 uma entidade de direito privado com sede e foro no munic\u00edpio e comarca de Ara\u00e7atuba, \u00e0 rua Benedita Fernandes, n\u00ba 445, bairro Santana, CEP 16.050-535, dotada de personalidade jur\u00eddica conforme inscri\u00e7\u00e3o no livro de registro de [&hellip;]\" \/>\n<meta property=\"og:url\" content=\"https:\/\/ascbeneditafernandes.com.br\/asc\/quem-somos\/\" \/>\n<meta property=\"og:site_name\" content=\"Associa\u00e7\u00e3o das Senhoras Crist\u00e3s Benedita Fernandes\" \/>\n<meta property=\"article:modified_time\" content=\"2024-05-06T15:32:50+00:00\" \/>\n<meta property=\"og:image\" content=\"https:\/\/cpanel-rs-tqr-06.srx.net.br\/~ascbf\/asc\/wp-content\/uploads\/2024\/05\/quemsomos1.jpg\" \/>\n<meta name=\"twitter:card\" content=\"summary_large_image\" \/>\n<meta name=\"twitter:label1\" content=\"Est. tempo de leitura\" \/>\n\t<meta name=\"twitter:data1\" content=\"5 minutos\" \/>\n<script type=\"application\/ld+json\" class=\"yoast-schema-graph\">{\"@context\":\"https:\/\/schema.org\",\"@graph\":[{\"@type\":\"WebPage\",\"@id\":\"https:\/\/ascbeneditafernandes.com.br\/asc\/quem-somos\/\",\"url\":\"https:\/\/ascbeneditafernandes.com.br\/asc\/quem-somos\/\",\"name\":\"Quem Somos - Associa\u00e7\u00e3o das Senhoras Crist\u00e3s Benedita Fernandes\",\"isPartOf\":{\"@id\":\"https:\/\/ascbeneditafernandes.com.br\/asc\/#website\"},\"primaryImageOfPage\":{\"@id\":\"https:\/\/ascbeneditafernandes.com.br\/asc\/quem-somos\/#primaryimage\"},\"image\":{\"@id\":\"https:\/\/ascbeneditafernandes.com.br\/asc\/quem-somos\/#primaryimage\"},\"thumbnailUrl\":\"https:\/\/cpanel-rs-tqr-06.srx.net.br\/~ascbf\/asc\/wp-content\/uploads\/2024\/05\/quemsomos1.jpg\",\"datePublished\":\"2024-05-06T15:06:14+00:00\",\"dateModified\":\"2024-05-06T15:32:50+00:00\",\"breadcrumb\":{\"@id\":\"https:\/\/ascbeneditafernandes.com.br\/asc\/quem-somos\/#breadcrumb\"},\"inLanguage\":\"pt-BR\",\"potentialAction\":[{\"@type\":\"ReadAction\",\"target\":[\"https:\/\/ascbeneditafernandes.com.br\/asc\/quem-somos\/\"]}]},{\"@type\":\"ImageObject\",\"inLanguage\":\"pt-BR\",\"@id\":\"https:\/\/ascbeneditafernandes.com.br\/asc\/quem-somos\/#primaryimage\",\"url\":\"https:\/\/cpanel-rs-tqr-06.srx.net.br\/~ascbf\/asc\/wp-content\/uploads\/2024\/05\/quemsomos1.jpg\",\"contentUrl\":\"https:\/\/cpanel-rs-tqr-06.srx.net.br\/~ascbf\/asc\/wp-content\/uploads\/2024\/05\/quemsomos1.jpg\"},{\"@type\":\"BreadcrumbList\",\"@id\":\"https:\/\/ascbeneditafernandes.com.br\/asc\/quem-somos\/#breadcrumb\",\"itemListElement\":[{\"@type\":\"ListItem\",\"position\":1,\"name\":\"In\u00edcio\",\"item\":\"https:\/\/ascbeneditafernandes.com.br\/asc\/\"},{\"@type\":\"ListItem\",\"position\":2,\"name\":\"Quem Somos\"}]},{\"@type\":\"WebSite\",\"@id\":\"https:\/\/ascbeneditafernandes.com.br\/asc\/#website\",\"url\":\"https:\/\/ascbeneditafernandes.com.br\/asc\/\",\"name\":\"Associa\u00e7\u00e3o das Senhoras Crist\u00e3s Benedita Fernandes\",\"description\":\"ASCBF\",\"publisher\":{\"@id\":\"https:\/\/ascbeneditafernandes.com.br\/asc\/#organization\"},\"potentialAction\":[{\"@type\":\"SearchAction\",\"target\":{\"@type\":\"EntryPoint\",\"urlTemplate\":\"https:\/\/ascbeneditafernandes.com.br\/asc\/?s={search_term_string}\"},\"query-input\":{\"@type\":\"PropertyValueSpecification\",\"valueRequired\":true,\"valueName\":\"search_term_string\"}}],\"inLanguage\":\"pt-BR\"},{\"@type\":\"Organization\",\"@id\":\"https:\/\/ascbeneditafernandes.com.br\/asc\/#organization\",\"name\":\"Associa\u00e7\u00e3o das Senhoras Crist\u00e3s Benedita Fernandes\",\"url\":\"https:\/\/ascbeneditafernandes.com.br\/asc\/\",\"logo\":{\"@type\":\"ImageObject\",\"inLanguage\":\"pt-BR\",\"@id\":\"https:\/\/ascbeneditafernandes.com.br\/asc\/#\/schema\/logo\/image\/\",\"url\":\"https:\/\/ascbeneditafernandes.com.br\/asc\/wp-content\/uploads\/2024\/04\/logo-ascbf.png\",\"contentUrl\":\"https:\/\/ascbeneditafernandes.com.br\/asc\/wp-content\/uploads\/2024\/04\/logo-ascbf.png\",\"width\":804,\"height\":110,\"caption\":\"Associa\u00e7\u00e3o das Senhoras Crist\u00e3s Benedita Fernandes\"},\"image\":{\"@id\":\"https:\/\/ascbeneditafernandes.com.br\/asc\/#\/schema\/logo\/image\/\"}}]}<\/script>\n<!-- \/ Yoast SEO Premium plugin. -->","yoast_head_json":{"title":"Quem Somos - Associa\u00e7\u00e3o das Senhoras Crist\u00e3s Benedita Fernandes","robots":{"index":"index","follow":"follow","max-snippet":"max-snippet:-1","max-image-preview":"max-image-preview:large","max-video-preview":"max-video-preview:-1"},"canonical":"https:\/\/ascbeneditafernandes.com.br\/asc\/quem-somos\/","og_locale":"pt_BR","og_type":"article","og_title":"Quem Somos","og_description":"Quem somos? I &#8211; INSTITUI\u00c7\u00c3O\u00a0A Associa\u00e7\u00e3o das Senhoras Crist\u00e3s BENEDITA FERNANDES, constitu\u00edda em seis de mar\u00e7o de 1932, \u00e9 uma entidade de direito privado com sede e foro no munic\u00edpio e comarca de Ara\u00e7atuba, \u00e0 rua Benedita Fernandes, n\u00ba 445, bairro Santana, CEP 16.050-535, dotada de personalidade jur\u00eddica conforme inscri\u00e7\u00e3o no livro de registro de [&hellip;]","og_url":"https:\/\/ascbeneditafernandes.com.br\/asc\/quem-somos\/","og_site_name":"Associa\u00e7\u00e3o das Senhoras Crist\u00e3s Benedita Fernandes","article_modified_time":"2024-05-06T15:32:50+00:00","og_image":[{"url":"https:\/\/cpanel-rs-tqr-06.srx.net.br\/~ascbf\/asc\/wp-content\/uploads\/2024\/05\/quemsomos1.jpg","type":"","width":"","height":""}],"twitter_card":"summary_large_image","twitter_misc":{"Est. tempo de leitura":"5 minutos"},"schema":{"@context":"https:\/\/schema.org","@graph":[{"@type":"WebPage","@id":"https:\/\/ascbeneditafernandes.com.br\/asc\/quem-somos\/","url":"https:\/\/ascbeneditafernandes.com.br\/asc\/quem-somos\/","name":"Quem Somos - Associa\u00e7\u00e3o das Senhoras Crist\u00e3s Benedita Fernandes","isPartOf":{"@id":"https:\/\/ascbeneditafernandes.com.br\/asc\/#website"},"primaryImageOfPage":{"@id":"https:\/\/ascbeneditafernandes.com.br\/asc\/quem-somos\/#primaryimage"},"image":{"@id":"https:\/\/ascbeneditafernandes.com.br\/asc\/quem-somos\/#primaryimage"},"thumbnailUrl":"https:\/\/cpanel-rs-tqr-06.srx.net.br\/~ascbf\/asc\/wp-content\/uploads\/2024\/05\/quemsomos1.jpg","datePublished":"2024-05-06T15:06:14+00:00","dateModified":"2024-05-06T15:32:50+00:00","breadcrumb":{"@id":"https:\/\/ascbeneditafernandes.com.br\/asc\/quem-somos\/#breadcrumb"},"inLanguage":"pt-BR","potentialAction":[{"@type":"ReadAction","target":["https:\/\/ascbeneditafernandes.com.br\/asc\/quem-somos\/"]}]},{"@type":"ImageObject","inLanguage":"pt-BR","@id":"https:\/\/ascbeneditafernandes.com.br\/asc\/quem-somos\/#primaryimage","url":"https:\/\/cpanel-rs-tqr-06.srx.net.br\/~ascbf\/asc\/wp-content\/uploads\/2024\/05\/quemsomos1.jpg","contentUrl":"https:\/\/cpanel-rs-tqr-06.srx.net.br\/~ascbf\/asc\/wp-content\/uploads\/2024\/05\/quemsomos1.jpg"},{"@type":"BreadcrumbList","@id":"https:\/\/ascbeneditafernandes.com.br\/asc\/quem-somos\/#breadcrumb","itemListElement":[{"@type":"ListItem","position":1,"name":"In\u00edcio","item":"https:\/\/ascbeneditafernandes.com.br\/asc\/"},{"@type":"ListItem","position":2,"name":"Quem Somos"}]},{"@type":"WebSite","@id":"https:\/\/ascbeneditafernandes.com.br\/asc\/#website","url":"https:\/\/ascbeneditafernandes.com.br\/asc\/","name":"Associa\u00e7\u00e3o das Senhoras Crist\u00e3s Benedita Fernandes","description":"ASCBF","publisher":{"@id":"https:\/\/ascbeneditafernandes.com.br\/asc\/#organization"},"potentialAction":[{"@type":"SearchAction","target":{"@type":"EntryPoint","urlTemplate":"https:\/\/ascbeneditafernandes.com.br\/asc\/?s={search_term_string}"},"query-input":{"@type":"PropertyValueSpecification","valueRequired":true,"valueName":"search_term_string"}}],"inLanguage":"pt-BR"},{"@type":"Organization","@id":"https:\/\/ascbeneditafernandes.com.br\/asc\/#organization","name":"Associa\u00e7\u00e3o das Senhoras Crist\u00e3s Benedita Fernandes","url":"https:\/\/ascbeneditafernandes.com.br\/asc\/","logo":{"@type":"ImageObject","inLanguage":"pt-BR","@id":"https:\/\/ascbeneditafernandes.com.br\/asc\/#\/schema\/logo\/image\/","url":"https:\/\/ascbeneditafernandes.com.br\/asc\/wp-content\/uploads\/2024\/04\/logo-ascbf.png","contentUrl":"https:\/\/ascbeneditafernandes.com.br\/asc\/wp-content\/uploads\/2024\/04\/logo-ascbf.png","width":804,"height":110,"caption":"Associa\u00e7\u00e3o das Senhoras Crist\u00e3s Benedita Fernandes"},"image":{"@id":"https:\/\/ascbeneditafernandes.com.br\/asc\/#\/schema\/logo\/image\/"}}]}},"_links":{"self":[{"href":"https:\/\/ascbeneditafernandes.com.br\/asc\/wp-json\/wp\/v2\/pages\/176","targetHints":{"allow":["GET"]}}],"collection":[{"href":"https:\/\/ascbeneditafernandes.com.br\/asc\/wp-json\/wp\/v2\/pages"}],"about":[{"href":"https:\/\/ascbeneditafernandes.com.br\/asc\/wp-json\/wp\/v2\/types\/page"}],"author":[{"embeddable":true,"href":"https:\/\/ascbeneditafernandes.com.br\/asc\/wp-json\/wp\/v2\/users\/2"}],"replies":[{"embeddable":true,"href":"https:\/\/ascbeneditafernandes.com.br\/asc\/wp-json\/wp\/v2\/comments?post=176"}],"version-history":[{"count":10,"href":"https:\/\/ascbeneditafernandes.com.br\/asc\/wp-json\/wp\/v2\/pages\/176\/revisions"}],"predecessor-version":[{"id":201,"href":"https:\/\/ascbeneditafernandes.com.br\/asc\/wp-json\/wp\/v2\/pages\/176\/revisions\/201"}],"wp:attachment":[{"href":"https:\/\/ascbeneditafernandes.com.br\/asc\/wp-json\/wp\/v2\/media?parent=176"}],"curies":[{"name":"wp","href":"https:\/\/api.w.org\/{rel}","templated":true}]}}